{"id":111,"date":"2026-01-12T09:51:43","date_gmt":"2026-01-12T08:51:43","guid":{"rendered":"https:\/\/rixes-sleep.de\/?page_id=111"},"modified":"2026-02-05T15:05:50","modified_gmt":"2026-02-05T14:05:50","slug":"datenschutz","status":"publish","type":"page","link":"https:\/\/rixes-sleep.de\/en\/datenschutz\/","title":{"rendered":"Data protection"},"content":{"rendered":"<h2>Datenschutzerkl\u00e4rung<\/h2>\n<p>Soweit nachstehend keine anderen Angaben gemacht werden, ist die Bereitstellung Ihrer personenbezogenen Daten weder gesetzlich oder vertraglich vorgeschrieben, noch f\u00fcr einen Vertragsabschluss erforderlich. Sie sind zur Bereitstellung der Daten nicht verpflichtet. Eine Nichtbereitstellung hat keine Folgen. Dies gilt nur soweit bei den nachfolgenden Verarbeitungsvorg\u00e4ngen keine anderweitige Angabe gemacht wird.<br \/>&#8220;Personenbezogene Daten&#8221; sind alle Informationen, die sich auf eine identifizierte oder identifizierbare nat\u00fcrliche Person beziehen.<\/p>\n<p><strong>Verantwortlicher<\/strong><br \/>Kontaktieren Sie uns auf Wunsch.\u00a0Verantwortlicher f\u00fcr die Datenverarbeitung ist:\u00a0Sebastian Glatz,\u00a0Blumenstr.26,\u00a077933\u00a0Lahr\u00a0Deutschland,\u00a0+497825\/8646420,\u00a0sebastian@imopex.com<\/p>\n<p><strong>Nutzung von Seiten-Insights\u00a0<\/strong><br \/>Wir verwenden auf unserer Fanpage die Analysefunktion \u201cSeiten-Insights\u201d der Meta Platforms Ireland Limited (4 Grand Canal Square, Dublin 2, Irland; &#8220;Facebook&#8221;).<br \/>Meta Platforms Ireland und wir sind gemeinsam Verantwortliche f\u00fcr die Datenverarbeitung bei der Analysefunktion Seiten-Insights. Grundlage daf\u00fcr ist eine Vereinbarung \u00fcber die gemeinsame Verarbeitung personenbezogener Daten, welche unter\u00a0<a href=\"https:\/\/www.facebook.com\/legal\/terms\/page_controller_addendum\" target=\"_blank\" rel=\"noopener\">https:\/\/www.facebook.com\/legal\/terms\/page_controller_addendum<\/a>\u00a0aufrufbar ist.<br \/>Meta Platforms Ireland \u00fcbernimmt dabei die prim\u00e4re Verantwortung gem\u00e4\u00df DSGVO f\u00fcr die Datenverarbeitung und erf\u00fcllt s\u00e4mtliche Pflichten aus der DSGVO im Hinblick auf die Verarbeitung dieser Daten, u.a. die Informationspflichten gem\u00e4\u00df Artikel 12 und 13 DSGVO, die Rechte der Betroffenen gem\u00e4\u00df Artikel 15 bis 22 DSGVO und die Sicherheitsvorgaben der Artikel 32 bis 34 DSGVO. Dar\u00fcber hinaus wird Meta Platforms Ireland das Wesentliche der Vereinbarung \u00fcber die gemeinsame Verarbeitung den betroffenen Personen zur Verf\u00fcgung stellen.<br \/>Die Funktion Seiten-Insights dient dem Zweck der Werbung und Marktforschung, um Ihnen relevantere Inhalte bereitzustellen und neue, f\u00fcr Sie interessante Funktionen zu entwickeln. Meta Platforms Ireland verwendet dabei Cookies, die eine Analyse Ihrer Besuche auf der Fanpage erm\u00f6glichen.\u00a0Die durch die Cookies erzeugten Informationen \u00fcber Ihre Benutzung der Fanpage werden in der Regel an Server von Facebook in den USA \u00fcbertragen und dort gespeichert. F\u00fcr die USA ist ein Angemessenheitsbeschluss der EU-Kommission vorhanden, das Trans-Atlantic Data Privacy Framework (TADPF). Facebook hat sich nach dem TADPF zertifiziert und damit verpflichtet, europ\u00e4ische Datenschutzgrunds\u00e4tze einzuhalten.<br \/>Die Verarbeitung erfolgt auf Grundlage des Art. 6 Abs. 1 lit. f DSGVO aus unserem \u00fcberwiegenden berechtigten Interesse an zielgerichteter Werbung und der zielgerichteten Gestaltung der Fanpage.<br \/>N\u00e4here Informationen zu Nutzungsbedingungen und Datenschutz finden Sie unter\u00a0<a href=\"https:\/\/www.facebook.com\/about\/privacy\/\" target=\"_blank\" rel=\"noopener\">https:\/\/www.facebook.com\/about\/privacy\/<\/a>.<\/p>\n<p><strong>Rechte der betroffenen Person<\/strong><br \/>Ihnen stehen bei Vorliegen der gesetzlichen Voraussetzungen folgende Rechte nach Art. 15 bis 20 DSGVO zu: Recht auf Auskunft, auf Berichtigung, auf L\u00f6schung, auf Einschr\u00e4nkung der Verarbeitung, auf Daten\u00fcbertragbarkeit.<br \/>Au\u00dferdem steht Ihnen nach Art. 21 Abs. 1 DSGVO ein Widerspruchsrecht gegen die Verarbeitungen zu, die auf Art. 6 Abs. 1 f DSGVO beruhen, sowie gegen die Verarbeitung zum Zwecke von Direktwerbung.<\/p>\n<p><strong>Beschwerderecht bei der Aufsichtsbeh\u00f6rde<\/strong><br \/>Sie haben gem\u00e4\u00df Art. 77 DSGVO das Recht, sich bei der Aufsichtsbeh\u00f6rde zu beschweren, wenn Sie der Ansicht sind, dass die Verarbeitung Ihrer personenbezogenen Daten nicht rechtm\u00e4\u00dfig erfolgt.<\/p>\n<p>Eine Beschwerde k\u00f6nnen Sie unter anderem bei der f\u00fcr uns zust\u00e4ndigen Aufsichtsbeh\u00f6rde einlegen, die Sie unter folgenden Kontaktdaten erreichen:<\/p>\n<p>Landesbeauftragte f\u00fcr den Datenschutz und die Informationsfreiheit Baden-W\u00fcrttemberg<br \/>K\u00f6nigstrasse 10 a<br \/>70173 Stuttgart<br \/>Tel.: +49 711 6155410<br \/>Fax: +49 711 61554115<br \/>E-Mail: poststelle@lfdi.bwl.de<\/p>\n<p><strong>Widerspruchsrecht<\/strong><br \/>Beruhen die hier aufgef\u00fchrten personenbezogenen Datenverarbeitungen auf Grundlage unseres berechtigten Interesses nach Art. 6 Abs. 1 lit. f DSGVO, haben Sie das Recht aus Gr\u00fcnden, die sich aus Ihrer besonderen Situation ergeben, jederzeit diesen Verarbeitungen mit Wirkung f\u00fcr die Zukunft zu widersprechen.<br \/>Nach erfolgtem Widerspruch wird die Verarbeitung der betroffenen Daten beendet, es sei denn, wir k\u00f6nnen zwingende schutzw\u00fcrdige Gr\u00fcnde f\u00fcr die Verarbeitung nachweisen, die Ihren Interessen, Rechten und Freiheiten \u00fcberwiegen, oder wenn die Verarbeitung der Geltendmachung, Aus\u00fcbung oder Verteidigung von Rechtsanspr\u00fcchen dient.<\/p>\n<div>F\u00fcr eine ausf\u00fchrliche Darstellung der weiteren Datenverarbeitung und der jeweiligen Widerspruchsm\u00f6glichkeiten auf Facebook verweisen wir auf die Angaben des Anbieters unter:\u00a0<a href=\"https:\/\/www.facebook.com\/about\/privacy\/\" target=\"_blank\" rel=\"noopener\">https:\/\/www.facebook.com\/about\/privacy\/<\/a>.<br \/>Die Geltendmachung von Betroffenenrechten sowie Auskunftsanfragen k\u00f6nnen am effektivsten direkt an Facebook gerichtet werden, da ausschlie\u00dflich Facebook Zugriff auf Ihre Daten hat, unmittelbar Ma\u00dfnahmen ergreifen sowie Ausk\u00fcnfte erteilen kann. Selbstverst\u00e4ndlich unterst\u00fctzen wir Sie bei Bedarf dabei.<br \/>\u00a0<\/div>\n<p>letzte Aktualisierung: 22.10.2024<\/p>","protected":false},"excerpt":{"rendered":"<p>Datenschutzerkl\u00e4rung Soweit nachstehend keine anderen Angaben gemacht werden, ist die Bereitstellung Ihrer personenbezogenen Daten weder gesetzlich oder vertraglich vorgeschrieben, noch f\u00fcr einen Vertragsabschluss erforderlich. Sie sind zur Bereitstellung der Daten nicht verpflichtet. Eine Nichtbereitstellung hat keine Folgen. Dies gilt nur soweit bei den nachfolgenden Verarbeitungsvorg\u00e4ngen keine anderweitige Angabe gemacht wird.&#8220;Personenbezogene Daten&#8221; sind alle Informationen, die [&#8230;]\n","protected":false},"author":1,"featured_media":0,"parent":0,"menu_order":0,"comment_status":"closed","ping_status":"closed","template":"","meta":{"footnotes":""},"class_list":["post-111","page","type-page","status-publish","hentry"],"_links":{"self":[{"href":"https:\/\/rixes-sleep.de\/en\/wp-json\/wp\/v2\/pages\/111","targetHints":{"allow":["GET"]}}],"collection":[{"href":"https:\/\/rixes-sleep.de\/en\/wp-json\/wp\/v2\/pages"}],"about":[{"href":"https:\/\/rixes-sleep.de\/en\/wp-json\/wp\/v2\/types\/page"}],"author":[{"embeddable":true,"href":"https:\/\/rixes-sleep.de\/en\/wp-json\/wp\/v2\/users\/1"}],"replies":[{"embeddable":true,"href":"https:\/\/rixes-sleep.de\/en\/wp-json\/wp\/v2\/comments?post=111"}],"version-history":[{"count":2,"href":"https:\/\/rixes-sleep.de\/en\/wp-json\/wp\/v2\/pages\/111\/revisions"}],"predecessor-version":[{"id":291,"href":"https:\/\/rixes-sleep.de\/en\/wp-json\/wp\/v2\/pages\/111\/revisions\/291"}],"wp:attachment":[{"href":"https:\/\/rixes-sleep.de\/en\/wp-json\/wp\/v2\/media?parent=111"}],"curies":[{"name":"wp","href":"https:\/\/api.w.org\/{rel}","templated":true}]}}