{"id":113,"date":"2026-01-12T09:51:47","date_gmt":"2026-01-12T08:51:47","guid":{"rendered":"https:\/\/rixes-sleep.de\/?page_id=113"},"modified":"2026-02-06T09:33:06","modified_gmt":"2026-02-06T08:33:06","slug":"agb","status":"publish","type":"page","link":"https:\/\/rixes-sleep.de\/en\/agb\/","title":{"rendered":"GTC"},"content":{"rendered":"<h2 data-start=\"612\" data-end=\"675\"><strong data-start=\"615\" data-end=\"675\">Allgemeine Gesch\u00e4ftsbedingungen (AGB) f\u00fcr rixes-sleep.de<\/strong><\/h2>\n<h3 data-start=\"677\" data-end=\"703\"><strong data-start=\"681\" data-end=\"703\">1. Geltungsbereich<\/strong><\/h3>\n<p data-start=\"705\" data-end=\"1310\">(1) Diese Allgemeinen Gesch\u00e4ftsbedingungen (nachfolgend \u201eAGB\u201c) gelten f\u00fcr alle Bestellungen \u00fcber den Online-Shop <strong data-start=\"818\" data-end=\"836\">rixes-sleep.de<\/strong>.<br data-start=\"837\" data-end=\"840\" \/>(2) Vertragspartner im Sinne dieser AGB ist die im Impressum genannte <strong data-start=\"910\" data-end=\"937\">Imopex Deutschland GmbH<\/strong>, Blumenstra\u00dfe 26, 77933 Lahr, Deutschland, Handelsregister HRB 715343, vertreten durch die Gesch\u00e4ftsf\u00fchrer. <br data-start=\"1083\" data-end=\"1086\" \/>(3) Verbraucher im Sinne dieser AGB ist jede nat\u00fcrliche Person, die ein Rechtsgesch\u00e4ft zu Zwecken abschlie\u00dft, die \u00fcberwiegend weder ihrer gewerblichen noch ihrer selbst\u00e4ndigen beruflichen T\u00e4tigkeit zugerechnet werden k\u00f6nnen.<\/p>\n<h3 data-start=\"1317\" data-end=\"1343\"><strong data-start=\"1321\" data-end=\"1343\">2. Vertragsschluss<\/strong><\/h3>\n<p data-start=\"1345\" data-end=\"1798\">(1) Die Darstellung der Produkte im Online-Shop stellt kein rechtlich bindendes Angebot dar, sondern eine Aufforderung zur Bestellung.<br data-start=\"1479\" data-end=\"1482\" \/>(2) Durch Absenden der Bestellung \u00fcber den Bestellbutton gibst du eine verbindliche Bestellung der im Warenkorb enthaltenen Waren ab.<br data-start=\"1615\" data-end=\"1618\" \/>(3) Der Verk\u00e4ufer kann das Angebot innerhalb von f\u00fcnf Tagen annehmen, etwa durch Auftragsbest\u00e4tigung per E-Mail oder durch Lieferung der Ware.<\/p>\n<h3 data-start=\"1805\" data-end=\"1846\"><strong data-start=\"1809\" data-end=\"1846\">3. Preise und Zahlungsbedingungen<\/strong><\/h3>\n<p data-start=\"1848\" data-end=\"2226\">(1) Alle Preise verstehen sich <strong data-start=\"1879\" data-end=\"1894\">in Euro (\u20ac)<\/strong> inklusive gesetzlicher Umsatzsteuer, sofern nicht anders angegeben.<br data-start=\"1962\" data-end=\"1965\" \/>(2) Gegebenenfalls anfallende Versandkosten werden im Bestellprozess angezeigt.<br data-start=\"2044\" data-end=\"2047\" \/>(3) Die Zahlung erfolgt mittels der im Shop angebotenen Zahlungsarten (z. B. PayPal, Kreditkarte, Vorkasse).<br data-start=\"2155\" data-end=\"2158\" \/>(4) Bei Vorkasse ist die Zahlung sofort nach Vertragsschluss f\u00e4llig.<\/p>\n<h3 data-start=\"2233\" data-end=\"2265\"><strong data-start=\"2237\" data-end=\"2265\">4. Lieferung und Versand<\/strong><\/h3>\n<p data-start=\"2267\" data-end=\"2536\">(1) Die Lieferung erfolgt an die vom Kunden angegebene Lieferadresse.<br data-start=\"2336\" data-end=\"2339\" \/>(2) Angaben zu voraussichtlichen Lieferzeiten sind unverbindlich, au\u00dfer ausdr\u00fccklich als verbindlich gekennzeichnet.<br data-start=\"2455\" data-end=\"2458\" \/>(3) Gegebenenfalls anfallende Lieferkosten werden im Bestellprozess angezeigt.<\/p>\n<h3 data-start=\"2543\" data-end=\"2584\"><strong data-start=\"2547\" data-end=\"2584\">5. Widerrufsrecht f\u00fcr Verbraucher<\/strong><\/h3>\n<p data-start=\"2586\" data-end=\"2798\">(1) Verbrauchern steht grunds\u00e4tzlich ein gesetzliches Widerrufsrecht zu. Die Widerrufsbelehrung mit Widerrufsformular findest du separat im Shop.<br data-start=\"2731\" data-end=\"2734\" \/>(2) R\u00fccksendekosten tr\u00e4gt der Kunde, soweit gesetzlich zul\u00e4ssig.<\/p>\n<h3 data-start=\"2918\" data-end=\"2947\"><strong data-start=\"2922\" data-end=\"2947\">6. Eigentumsvorbehalt<\/strong><\/h3>\n<p data-start=\"2949\" data-end=\"3035\">Die gelieferte Ware bleibt bis zur vollst\u00e4ndigen Bezahlung im Eigentum des Verk\u00e4ufers.<\/p>\n<h3 data-start=\"3042\" data-end=\"3079\"><strong data-start=\"3046\" data-end=\"3079\">7. Gew\u00e4hrleistung und Haftung<\/strong><\/h3>\n<p data-start=\"3081\" data-end=\"3346\">(1) Es gelten die gesetzlichen Gew\u00e4hrleistungsrechte.<br data-start=\"3134\" data-end=\"3137\" \/>(2) F\u00fcr Sch\u00e4den haftet der Verk\u00e4ufer nur bei Vorsatz und grober Fahrl\u00e4ssigkeit; bei leichter Fahrl\u00e4ssigkeit nur bei Verletzung wesentlicher Vertragspflichten und in H\u00f6he des vorhersehbaren, typischen Schadens.<\/p>\n<h3 data-start=\"3353\" data-end=\"3375\"><strong data-start=\"3357\" data-end=\"3375\">8. Datenschutz<\/strong><\/h3>\n<p data-start=\"3377\" data-end=\"3593\">(1) Informationen zur Datenverarbeitung findest du in der separaten Datenschutzerkl\u00e4rung auf <strong data-start=\"3470\" data-end=\"3488\">rixes-sleep.de<\/strong>.<br data-start=\"3489\" data-end=\"3492\" \/>(2) Personenbezogene Daten werden ausschlie\u00dflich im Rahmen der gesetzlichen Bestimmungen verarbeitet.<\/p>\n<h3 data-start=\"3600\" data-end=\"3630\"><strong data-start=\"3604\" data-end=\"3630\">9. Schlussbestimmungen<\/strong><\/h3>\n<p data-start=\"3632\" data-end=\"3817\">(1) Es gilt deutsches Recht unter Ausschluss des UN-Kaufrechts.<br data-start=\"3695\" data-end=\"3698\" \/>(2) Sollten einzelne Bestimmungen dieser AGB unwirksam sein, bleibt die Wirksamkeit der \u00fcbrigen Bestimmungen unber\u00fchrt.<\/p>","protected":false},"excerpt":{"rendered":"<p>Allgemeine Gesch\u00e4ftsbedingungen (AGB) f\u00fcr rixes-sleep.de 1. Geltungsbereich (1) Diese Allgemeinen Gesch\u00e4ftsbedingungen (nachfolgend \u201eAGB\u201c) gelten f\u00fcr alle Bestellungen \u00fcber den Online-Shop rixes-sleep.de.(2) Vertragspartner im Sinne dieser AGB ist die im Impressum genannte Imopex Deutschland GmbH, Blumenstra\u00dfe 26, 77933 Lahr, Deutschland, Handelsregister HRB 715343, vertreten durch die Gesch\u00e4ftsf\u00fchrer. (3) Verbraucher im Sinne dieser AGB ist jede nat\u00fcrliche [&#8230;]\n","protected":false},"author":1,"featured_media":0,"parent":0,"menu_order":0,"comment_status":"closed","ping_status":"closed","template":"","meta":{"footnotes":""},"class_list":["post-113","page","type-page","status-publish","hentry"],"_links":{"self":[{"href":"https:\/\/rixes-sleep.de\/en\/wp-json\/wp\/v2\/pages\/113","targetHints":{"allow":["GET"]}}],"collection":[{"href":"https:\/\/rixes-sleep.de\/en\/wp-json\/wp\/v2\/pages"}],"about":[{"href":"https:\/\/rixes-sleep.de\/en\/wp-json\/wp\/v2\/types\/page"}],"author":[{"embeddable":true,"href":"https:\/\/rixes-sleep.de\/en\/wp-json\/wp\/v2\/users\/1"}],"replies":[{"embeddable":true,"href":"https:\/\/rixes-sleep.de\/en\/wp-json\/wp\/v2\/comments?post=113"}],"version-history":[{"count":2,"href":"https:\/\/rixes-sleep.de\/en\/wp-json\/wp\/v2\/pages\/113\/revisions"}],"predecessor-version":[{"id":300,"href":"https:\/\/rixes-sleep.de\/en\/wp-json\/wp\/v2\/pages\/113\/revisions\/300"}],"wp:attachment":[{"href":"https:\/\/rixes-sleep.de\/en\/wp-json\/wp\/v2\/media?parent=113"}],"curies":[{"name":"wp","href":"https:\/\/api.w.org\/{rel}","templated":true}]}}