{"id":426,"date":"2026-04-01T17:02:21","date_gmt":"2026-04-01T15:02:21","guid":{"rendered":"https:\/\/rixes-sleep.de\/?page_id=426"},"modified":"2026-04-01T17:04:08","modified_gmt":"2026-04-01T15:04:08","slug":"ueber-uns","status":"publish","type":"page","link":"https:\/\/rixes-sleep.de\/en\/ueber-uns\/","title":{"rendered":"\u00dcber uns"},"content":{"rendered":"<div class=\"row align-middle align-center\"  id=\"row-1392161595\">\n\n\t<div id=\"col-1960651818\" class=\"col medium-9 small-12 large-9\"  >\n\t\t\t\t<div class=\"col-inner\"  >\n\t\t\t\n\t\t\t\n<div class=\"container section-title-container\" ><h3 class=\"section-title section-title-normal\"><b aria-hidden=\"true\"><\/b><span class=\"section-title-main\" >\u00dcber uns \u2013 RIXES Sleep<\/span><b aria-hidden=\"true\"><\/b><\/h3><\/div>\n<p>Guter Schlaf ist kein Luxus \u2013 er ist die Grundlage f\u00fcr ein gutes Leben.<br \/>Die Idee hinter RIXES Sleep entstand aus einem einfachen Anspruch: Produkte zu entwickeln, die echten, sp\u00fcrbaren Schlafkomfort bieten \u2013 ohne Kompromisse bei Qualit\u00e4t, Herkunft und Verarbeitung. In einer Welt voller kurzlebiger L\u00f6sungen setzen wir bewusst auf Nachhaltigkeit, europ\u00e4ische Wertsch\u00f6pfung und hochwertige Materialien.<\/p>\n<p>Im Mittelpunkt steht dabei unser Memory Foam \u2013 ein Material, das sich perfekt an den K\u00f6rper anpasst, Druckpunkte reduziert und f\u00fcr eine optimale Unterst\u00fctzung sorgt. So entsteht ein Schlafgef\u00fchl, das individuell ist \u2013 genau so, wie es sein sollte.<\/p>\n<p>F\u00fcr unsere Produkte verwenden wir sorgf\u00e4ltig ausgew\u00e4hlte Rohstoffe aus Italien. Dieses Land steht seit Jahrzehnten f\u00fcr h\u00f6chste Standards in der Verarbeitung von Schaumstoffen und Textilien. Die Kombination aus italienischer Materialqualit\u00e4t und moderner Fertigung bildet die Basis unserer Produkte.<br \/>Die gesamte Produktion erfolgt ausschlie\u00dflich in Europa. Das bedeutet f\u00fcr uns nicht nur kurze Lieferwege und transparente Prozesse, sondern auch die Einhaltung strenger Qualit\u00e4ts- und Umweltstandards.<br \/>Als deutsches Unternehmen stehen wir zudem f\u00fcr Verl\u00e4sslichkeit, klare Kommunikation und h\u00f6chste Anspr\u00fcche an Service und Kundenzufriedenheit. Wir verstehen uns nicht nur als H\u00e4ndler, sondern als Marke, die Verantwortung \u00fcbernimmt \u2013 f\u00fcr Qualit\u00e4t, f\u00fcr Herkunft und f\u00fcr das Vertrauen unserer Kunden.<br \/>RIXES Sleep steht f\u00fcr durchdachten Schlafkomfort \u2013 entwickelt in Europa, gemacht f\u00fcr Menschen, die mehr erwarten als nur ein Produkt.<br \/>Schlaf neu gedacht.<\/p>\n<p>Wenn du willst, kann ich dir noch eine emotionalere Variante (mehr Storytelling), eine k\u00fcrzere Version f\u00fcr Mobile oder eine Premium-\/Luxury-Version schreiben.<\/p>\n\t\t<\/div>\n\t\t\t\t\t<\/div>\n\n\t\n\n\t<div id=\"col-2122097860\" class=\"col medium-3 small-12 large-3\"  >\n\t\t\t\t<div class=\"col-inner\"  >\n\t\t\t\n\t\t\t\n\t<div class=\"img has-hover x md-x lg-x y md-y lg-y\" id=\"image_1366264009\">\n\t\t\t\t\t\t\t\t<div class=\"img-inner dark\" >\n\t\t\t<img loading=\"lazy\" decoding=\"async\" width=\"667\" height=\"1000\" src=\"https:\/\/rixes-sleep.de\/wp-content\/uploads\/2026\/01\/1658.jpg\" class=\"attachment-original size-original\" alt=\"\" srcset=\"https:\/\/rixes-sleep.de\/wp-content\/uploads\/2026\/01\/1658.jpg 667w, https:\/\/rixes-sleep.de\/wp-content\/uploads\/2026\/01\/1658-200x300.jpg 200w, https:\/\/rixes-sleep.de\/wp-content\/uploads\/2026\/01\/1658-600x900.jpg 600w\" sizes=\"auto, (max-width: 667px) 100vw, 667px\" \/>\t\t\t\t\t\t\n\t\t\t\t\t<\/div>\n\t\t\t\t\t\t\t\t\n<style>\n#image_1366264009 {\n  width: 100%;\n}\n<\/style>\n\t<\/div>\n\t\n\t<div class=\"img has-hover x md-x lg-x y md-y lg-y\" id=\"image_1868103971\">\n\t\t\t\t\t\t\t\t<div class=\"img-inner dark\" >\n\t\t\t<img loading=\"lazy\" decoding=\"async\" width=\"1000\" height=\"667\" src=\"https:\/\/rixes-sleep.de\/wp-content\/uploads\/2026\/01\/5647.jpg\" class=\"attachment-original size-original\" alt=\"\" srcset=\"https:\/\/rixes-sleep.de\/wp-content\/uploads\/2026\/01\/5647.jpg 1000w, https:\/\/rixes-sleep.de\/wp-content\/uploads\/2026\/01\/5647-300x200.jpg 300w, https:\/\/rixes-sleep.de\/wp-content\/uploads\/2026\/01\/5647-768x512.jpg 768w, https:\/\/rixes-sleep.de\/wp-content\/uploads\/2026\/01\/5647-600x400.jpg 600w\" sizes=\"auto, (max-width: 1000px) 100vw, 1000px\" \/>\t\t\t\t\t\t\n\t\t\t\t\t<\/div>\n\t\t\t\t\t\t\t\t\n<style>\n#image_1868103971 {\n  width: 100%;\n}\n<\/style>\n\t<\/div>\n\t\n\t\t<\/div>\n\t\t\t\t\t<\/div>\n\n\t\n<\/div>","protected":false},"excerpt":{"rendered":"","protected":false},"author":1,"featured_media":0,"parent":0,"menu_order":0,"comment_status":"closed","ping_status":"closed","template":"","meta":{"footnotes":""},"class_list":["post-426","page","type-page","status-publish","hentry"],"_links":{"self":[{"href":"https:\/\/rixes-sleep.de\/en\/wp-json\/wp\/v2\/pages\/426","targetHints":{"allow":["GET"]}}],"collection":[{"href":"https:\/\/rixes-sleep.de\/en\/wp-json\/wp\/v2\/pages"}],"about":[{"href":"https:\/\/rixes-sleep.de\/en\/wp-json\/wp\/v2\/types\/page"}],"author":[{"embeddable":true,"href":"https:\/\/rixes-sleep.de\/en\/wp-json\/wp\/v2\/users\/1"}],"replies":[{"embeddable":true,"href":"https:\/\/rixes-sleep.de\/en\/wp-json\/wp\/v2\/comments?post=426"}],"version-history":[{"count":3,"href":"https:\/\/rixes-sleep.de\/en\/wp-json\/wp\/v2\/pages\/426\/revisions"}],"predecessor-version":[{"id":429,"href":"https:\/\/rixes-sleep.de\/en\/wp-json\/wp\/v2\/pages\/426\/revisions\/429"}],"wp:attachment":[{"href":"https:\/\/rixes-sleep.de\/en\/wp-json\/wp\/v2\/media?parent=426"}],"curies":[{"name":"wp","href":"https:\/\/api.w.org\/{rel}","templated":true}]}}